{"id":53,"date":"2013-05-09T09:43:48","date_gmt":"2013-05-09T09:43:48","guid":{"rendered":"http:\/\/realia.wp\/?page_id=53"},"modified":"2025-11-10T11:20:48","modified_gmt":"2025-11-10T14:20:48","slug":"home","status":"publish","type":"page","link":"https:\/\/leonardoimoveis.com\/index.php\/","title":{"rendered":"Home"},"content":{"rendered":"<p><em><strong>ATEN\u00c7\u00c3O:<\/strong> <\/em>Os im\u00f3veis anunciados poder\u00e3o sofrer altera\u00e7\u00e3o de valores ou n\u00e3o estarem mais\u00a0dispon\u00edveis.<\/p>\n","protected":false},"excerpt":{"rendered":"<p>ATEN\u00c7\u00c3O: Os im\u00f3veis anunciados poder\u00e3o sofrer altera\u00e7\u00e3o de valores ou n\u00e3o estarem mais\u00a0dispon\u00edveis.<\/p>\n","protected":false},"author":1,"featured_media":0,"parent":0,"menu_order":0,"comment_status":"closed","ping_status":"open","template":"page-properties-grid.php","meta":{"footnotes":""},"class_list":["post-53","page","type-page","status-publish","hentry"],"_links":{"self":[{"href":"https:\/\/leonardoimoveis.com\/index.php\/wp-json\/wp\/v2\/pages\/53","targetHints":{"allow":["GET"]}}],"collection":[{"href":"https:\/\/leonardoimoveis.com\/index.php\/wp-json\/wp\/v2\/pages"}],"about":[{"href":"https:\/\/leonardoimoveis.com\/index.php\/wp-json\/wp\/v2\/types\/page"}],"author":[{"embeddable":true,"href":"https:\/\/leonardoimoveis.com\/index.php\/wp-json\/wp\/v2\/users\/1"}],"replies":[{"embeddable":true,"href":"https:\/\/leonardoimoveis.com\/index.php\/wp-json\/wp\/v2\/comments?post=53"}],"version-history":[{"count":2,"href":"https:\/\/leonardoimoveis.com\/index.php\/wp-json\/wp\/v2\/pages\/53\/revisions"}],"predecessor-version":[{"id":5555,"href":"https:\/\/leonardoimoveis.com\/index.php\/wp-json\/wp\/v2\/pages\/53\/revisions\/5555"}],"wp:attachment":[{"href":"https:\/\/leonardoimoveis.com\/index.php\/wp-json\/wp\/v2\/media?parent=53"}],"curies":[{"name":"wp","href":"https:\/\/api.w.org\/{rel}","templated":true}]}}